{"id":1076,"date":"2017-05-29T14:48:34","date_gmt":"2017-05-29T12:48:34","guid":{"rendered":"http:\/\/TELsupport:8888\/?page_id=1076"},"modified":"2020-04-27T14:23:56","modified_gmt":"2020-04-27T12:23:56","slug":"supportbloggen","status":"publish","type":"page","link":"https:\/\/www.teleproffs.se\/support\/supportbloggen\/","title":{"rendered":"Supportbloggen"},"content":{"rendered":"<style>#kt-layout-id_a2b1de-93{margin-top:0px;}#kt-layout-id_a2b1de-93 > .kt-row-column-wrap{align-content:start;}:where(#kt-layout-id_a2b1de-93 > .kt-row-column-wrap) > .wp-block-kadence-column{justify-content:start;}#kt-layout-id_a2b1de-93 > .kt-row-column-wrap{column-gap:var(--global-kb-gap-md, 2rem);row-gap:var(--global-kb-gap-md, 2rem);padding-top:var( --global-kb-row-default-top, 25px );padding-bottom:var( --global-kb-row-default-bottom, 25px );padding-top:0px;grid-template-columns:minmax(0, 1fr);}#kt-layout-id_a2b1de-93 > .kt-row-layout-overlay{opacity:0.30;}@media all and (max-width: 1024px){#kt-layout-id_a2b1de-93 > .kt-row-column-wrap{grid-template-columns:minmax(0, 1fr);}}@media all and (max-width: 767px){#kt-layout-id_a2b1de-93 > .kt-row-column-wrap{grid-template-columns:minmax(0, 1fr);}}<\/style>\n<div class=\"wp-block-kadence-rowlayout alignnone\"><div id=\"kt-layout-id_a2b1de-93\" class=\"kt-row-layout-inner kt-layout-id_a2b1de-93\"><div class=\"kt-row-column-wrap kt-has-1-columns kt-gutter-default kt-v-gutter-default kt-row-valign-top kt-row-layout-equal kt-tab-layout-inherit kt-m-colapse-left-to-right kt-mobile-layout-row\"><style>.kadence-column_bbe134-6e > .kt-inside-inner-col{border-top-width:0px;border-right-width:0px;border-bottom-width:0px;border-left-width:0px;}.kadence-column_bbe134-6e > .kt-inside-inner-col,.kadence-column_bbe134-6e > .kt-inside-inner-col:before{border-top-left-radius:0px;border-top-right-radius:0px;border-bottom-right-radius:0px;border-bottom-left-radius:0px;}.kadence-column_bbe134-6e > .kt-inside-inner-col{column-gap:var(--global-kb-gap-sm, 1rem);}.kadence-column_bbe134-6e > .kt-inside-inner-col{flex-direction:column;}.kadence-column_bbe134-6e > .kt-inside-inner-col > .aligncenter{width:100%;}.kadence-column_bbe134-6e > .kt-inside-inner-col:before{opacity:0.3;}.kadence-column_bbe134-6e{position:relative;}@media all and (max-width: 1024px){.kadence-column_bbe134-6e > .kt-inside-inner-col{flex-direction:column;}}@media all and (max-width: 767px){.kadence-column_bbe134-6e > .kt-inside-inner-col{flex-direction:column;}}<\/style>\n<div class=\"wp-block-kadence-column inner-column-1 kadence-column_bbe134-6e\"><div class=\"kt-inside-inner-col\">\n<div class=\"wp-block-ugb-blog-posts ugb-blog-posts ugb-0dad1a5 ugb-blog-posts--v2 ugb-blog-posts--design-basic ugb-blog-posts--columns-2 ugb-main-block\" id=\"\"><style>.ugb-0dad1a5 .ugb-blog-posts__title{margin-bottom:4px !important}.ugb-0dad1a5 .ugb-blog-posts__excerpt{margin-bottom:-10px !important}.ugb-0dad1a5 .ugb-blog-posts__meta{color:#9c9c9d !important;margin-bottom:6px !important}.ugb-0dad1a5 .ugb-blog-posts__readmore{margin-bottom:0px !important}.ugb-0dad1a5.ugb-blog-posts{margin-top:0px !important;margin-bottom:0px !important}<\/style><div class=\"ugb-inner-block\"><div class=\"ugb-block-content\"><article class=\"ugb-blog-posts__item\"><div class=\"ugb-blog-posts__content\"><h3 class=\"ugb-blog-posts__title\"><a href=\"https:\/\/www.teleproffs.se\/support\/forbattrad-och-forenklad-schemahantering-i-teleproffs-go\/\">F\u00f6rb\u00e4ttrad och f\u00f6renklad schemahantering i TeleProffs GO<\/a><\/h3><aside class=\"entry-meta ugb-blog-posts__meta\"><span>Support TeleProffs<\/span><span class=\"ugb-blog-posts__sep\">\u00b7<\/span><time datetime=\"2025-06-26T12:01:40+02:00\" class=\"ugb-blog-posts__date\">26 juni, 2025<\/time><\/aside><div class=\"ugb-blog-posts__excerpt\"><p>Vi str\u00e4var alltid efter att f\u00f6rb\u00e4ttra och f\u00f6renkla vardagen f\u00f6r v\u00e5ra kunder. Nu har vi gjort schemahanteringen \u00e4nd\u00e5 enklare att hantera och med tydligare \u00f6versikt. L\u00e4s mer om hur man skapar schemaposter h\u00e4r: Schemahantering: \u00f6ppettider\/st\u00e4ngt-meddelande &#8211; TeleProffs | Telefonv\u00e4xlar &amp; mobiloperat\u00f6r<\/p>\n<\/div><p class=\"ugb-blog-posts__readmore\"><a href=\"https:\/\/www.teleproffs.se\/support\/forbattrad-och-forenklad-schemahantering-i-teleproffs-go\/\">L\u00e4s mer &#8230;<\/a><\/p><\/div><\/article><article class=\"ugb-blog-posts__item\"><div class=\"ugb-blog-posts__content\"><h3 class=\"ugb-blog-posts__title\"><a href=\"https:\/\/www.teleproffs.se\/support\/ny-lanserar-vi-teleproffs-one\/\">Nu lanserar vi TeleProffs One!<\/a><\/h3><aside class=\"entry-meta ugb-blog-posts__meta\"><span>Support TeleProffs<\/span><span class=\"ugb-blog-posts__sep\">\u00b7<\/span><time datetime=\"2025-05-08T14:32:16+02:00\" class=\"ugb-blog-posts__date\">8 maj, 2025<\/time><\/aside><div class=\"ugb-blog-posts__excerpt\"><p>Nu kompletterar vi TeleProffs GO med TeleProffs One, vi kan nu stoltsera med marknadens tv\u00e5 st\u00f6rsta plattformar f\u00f6r att kunna erbjuda b\u00e4sta m\u00f6jliga l\u00f6sning f\u00f6r varje enskild kund. L\u00e4s mer p\u00e5 https:\/\/www.teleproffs.se\/teleproffs-one-framtidens-ai-baserade-vaxelplattform\/<\/p>\n<\/div><p class=\"ugb-blog-posts__readmore\"><a href=\"https:\/\/www.teleproffs.se\/support\/ny-lanserar-vi-teleproffs-one\/\">L\u00e4s mer &#8230;<\/a><\/p><\/div><\/article><article class=\"ugb-blog-posts__item\"><div class=\"ugb-blog-posts__content\"><h3 class=\"ugb-blog-posts__title\"><a href=\"https:\/\/www.teleproffs.se\/support\/tjanster-stangs-ner-varning-for-bedragare\/\">Tj\u00e4nster st\u00e4ngs ner &#8211; Varning f\u00f6r bedragare<\/a><\/h3><aside class=\"entry-meta ugb-blog-posts__meta\"><span>Peter<\/span><span class=\"ugb-blog-posts__sep\">\u00b7<\/span><time datetime=\"2024-03-05T13:56:25+01:00\" class=\"ugb-blog-posts__date\">5 mars, 2024<\/time><\/aside><div class=\"ugb-blog-posts__excerpt\"><p>Telia st\u00e4nger ner \u00e4ldre tj\u00e4nster som analoga telefon-abonnemang, ISDN Multi och ADSL. I samband med att Telia skickar ut information till sina kunder passar tyv\u00e4rr oseri\u00f6sa akt\u00f6rer p\u00e5 att ringa upp i sken av att ringa fr\u00e5n Telia (eller som \u00e5terf\u00f6rs\u00e4ljare) och ska &#8221;hj\u00e4lpa&#8221; er&#8230;<\/div><p class=\"ugb-blog-posts__readmore\"><a href=\"https:\/\/www.teleproffs.se\/support\/tjanster-stangs-ner-varning-for-bedragare\/\">L\u00e4s mer &#8230;<\/a><\/p><\/div><\/article><article class=\"ugb-blog-posts__item\"><div class=\"ugb-blog-posts__content\"><h3 class=\"ugb-blog-posts__title\"><a href=\"https:\/\/www.teleproffs.se\/support\/dubbelriktad-linjestatus-teams-go\/\">Dubbelriktad linjestatus &#8211; Teams GO<\/a><\/h3><aside class=\"entry-meta ugb-blog-posts__meta\"><span>Support TeleProffs<\/span><span class=\"ugb-blog-posts__sep\">\u00b7<\/span><time datetime=\"2023-11-29T16:31:51+01:00\" class=\"ugb-blog-posts__date\">29 november, 2023<\/time><\/aside><div class=\"ugb-blog-posts__excerpt\"><p>Nu \u00e4ntligen har vi tillg\u00e5ng till API\u00e9r fr\u00e5n Microsoft som m\u00f6jligg\u00f6r en mycket b\u00e4ttre Teams-integration. Hittills har vi beh\u00f6vt anv\u00e4nda h\u00e4nvisningsstatus &#8221;upptagen i teamssamtal&#8221; f\u00f6r att bli upptagen p\u00e5 telefonen n\u00e4r du sitter i teamsm\u00f6te. Numera kommer linjestatus att synkas s\u00f6ml\u00f6st p\u00e5 b\u00e5da h\u00e5ll mellan&#8230;<\/div><p class=\"ugb-blog-posts__readmore\"><a href=\"https:\/\/www.teleproffs.se\/support\/dubbelriktad-linjestatus-teams-go\/\">L\u00e4s mer &#8230;<\/a><\/p><\/div><\/article><article class=\"ugb-blog-posts__item\"><div class=\"ugb-blog-posts__content\"><h3 class=\"ugb-blog-posts__title\"><a href=\"https:\/\/www.teleproffs.se\/support\/forbattrad-schemahantering-mm-i-selfservice-administratorsportalen\/\">F\u00f6rb\u00e4ttrad schemahantering mm. i SelfService\/Administrat\u00f6rsportalen<\/a><\/h3><aside class=\"entry-meta ugb-blog-posts__meta\"><span>Peter<\/span><span class=\"ugb-blog-posts__sep\">\u00b7<\/span><time datetime=\"2023-06-15T09:25:30+02:00\" class=\"ugb-blog-posts__date\">15 juni, 2023<\/time><\/aside><div class=\"ugb-blog-posts__excerpt\"><p>Vi jobbar kontinuerligt med att g\u00f6ra v\u00e5ra tj\u00e4nster \u00e4nnu b\u00e4ttre och enklare. Den 27:e juni stuvar vi om lite i menyerna s\u00e5 att det ni i huvudsak anv\u00e4nder finns p\u00e5 f\u00f6rstasidan och resterande under Organisationsinst\u00e4llningar. En st\u00f6rre f\u00f6r\u00e4ndring \u00e4r ocks\u00e5 att schemahanteringen f\u00f6renklas och g\u00f6rs&#8230;<\/div><p class=\"ugb-blog-posts__readmore\"><a href=\"https:\/\/www.teleproffs.se\/support\/forbattrad-schemahantering-mm-i-selfservice-administratorsportalen\/\">L\u00e4s mer &#8230;<\/a><\/p><\/div><\/article><article class=\"ugb-blog-posts__item\"><div class=\"ugb-blog-posts__content\"><h3 class=\"ugb-blog-posts__title\"><a href=\"https:\/\/www.teleproffs.se\/support\/uppdaterad-self-service-portal\/\">Uppdaterad Self-Service-Portal<\/a><\/h3><aside class=\"entry-meta ugb-blog-posts__meta\"><span>Peter<\/span><span class=\"ugb-blog-posts__sep\">\u00b7<\/span><time datetime=\"2022-12-14T13:43:40+01:00\" class=\"ugb-blog-posts__date\">14 december, 2022<\/time><\/aside><div class=\"ugb-blog-posts__excerpt\"><p>Nu \u00e4r v\u00e5r Self-Service-portal uppdaterad, fr\u00e4schare utseende och framf\u00f6rallt \u00e4r den nu riktigt bra mobilanpassad. Har du missat att helgkoppla huvudnummer eller beh\u00f6ver snabbt l\u00e4gga upp en ny anv\u00e4ndare &#8211; nu fixar du det direkt fr\u00e5n mobilen &#8221;on the fly&#8221;. Alla anv\u00e4ndare i TeleProffs GO&#8230;<\/div><p class=\"ugb-blog-posts__readmore\"><a href=\"https:\/\/www.teleproffs.se\/support\/uppdaterad-self-service-portal\/\">L\u00e4s mer &#8230;<\/a><\/p><\/div><\/article><\/div><\/div><\/div>\n<\/div><\/div>\n<\/div><\/div><\/div>\n","protected":false},"excerpt":{"rendered":"<p>F\u00f6rb\u00e4ttrad och f\u00f6renklad schemahantering i TeleProffs GO Support TeleProffs\u00b726 juni, 2025 Vi str\u00e4var alltid efter att f\u00f6rb\u00e4ttra och f\u00f6renkla vardagen f\u00f6r v\u00e5ra kunder. Nu har vi gjort schemahanteringen \u00e4nd\u00e5 enklare att hantera och med tydligare \u00f6versikt. L\u00e4s mer om hur man skapar schemaposter h\u00e4r: Schemahantering: \u00f6ppettider\/st\u00e4ngt-meddelande &#8211; TeleProffs | Telefonv\u00e4xlar &amp; mobiloperat\u00f6r L\u00e4s mer &#8230; [&hellip;]<\/p>\n","protected":false},"author":1,"featured_media":0,"parent":0,"menu_order":0,"comment_status":"closed","ping_status":"closed","template":"","meta":{"ocean_post_layout":"","ocean_both_sidebars_style":"","ocean_both_sidebars_content_width":0,"ocean_both_sidebars_sidebars_width":0,"ocean_sidebar":"0","ocean_second_sidebar":"0","ocean_disable_margins":"enable","ocean_add_body_class":"","ocean_shortcode_before_top_bar":"","ocean_shortcode_after_top_bar":"","ocean_shortcode_before_header":"","ocean_shortcode_after_header":"","ocean_has_shortcode":"","ocean_shortcode_after_title":"","ocean_shortcode_before_footer_widgets":"","ocean_shortcode_after_footer_widgets":"","ocean_shortcode_before_footer_bottom":"","ocean_shortcode_after_footer_bottom":"","ocean_display_top_bar":"default","ocean_display_header":"default","ocean_header_style":"","ocean_center_header_left_menu":"0","ocean_custom_header_template":"0","ocean_custom_logo":0,"ocean_custom_retina_logo":0,"ocean_custom_logo_max_width":0,"ocean_custom_logo_tablet_max_width":0,"ocean_custom_logo_mobile_max_width":0,"ocean_custom_logo_max_height":0,"ocean_custom_logo_tablet_max_height":0,"ocean_custom_logo_mobile_max_height":0,"ocean_header_custom_menu":"0","ocean_menu_typo_font_family":"0","ocean_menu_typo_font_subset":"","ocean_menu_typo_font_size":0,"ocean_menu_typo_font_size_tablet":0,"ocean_menu_typo_font_size_mobile":0,"ocean_menu_typo_font_size_unit":"px","ocean_menu_typo_font_weight":"","ocean_menu_typo_font_weight_tablet":"","ocean_menu_typo_font_weight_mobile":"","ocean_menu_typo_transform":"","ocean_menu_typo_transform_tablet":"","ocean_menu_typo_transform_mobile":"","ocean_menu_typo_line_height":0,"ocean_menu_typo_line_height_tablet":0,"ocean_menu_typo_line_height_mobile":0,"ocean_menu_typo_line_height_unit":"","ocean_menu_typo_spacing":0,"ocean_menu_typo_spacing_tablet":0,"ocean_menu_typo_spacing_mobile":0,"ocean_menu_typo_spacing_unit":"","ocean_menu_link_color":"","ocean_menu_link_color_hover":"","ocean_menu_link_color_active":"","ocean_menu_link_background":"","ocean_menu_link_hover_background":"","ocean_menu_link_active_background":"","ocean_menu_social_links_bg":"","ocean_menu_social_hover_links_bg":"","ocean_menu_social_links_color":"","ocean_menu_social_hover_links_color":"","ocean_disable_title":"default","ocean_disable_heading":"default","ocean_post_title":"","ocean_post_subheading":"","ocean_post_title_style":"centered","ocean_post_title_background_color":"","ocean_post_title_background":0,"ocean_post_title_bg_image_position":"","ocean_post_title_bg_image_attachment":"","ocean_post_title_bg_image_repeat":"","ocean_post_title_bg_image_size":"","ocean_post_title_height":0,"ocean_post_title_bg_overlay":0.5,"ocean_post_title_bg_overlay_color":"","ocean_disable_breadcrumbs":"default","ocean_breadcrumbs_color":"#ffffff","ocean_breadcrumbs_separator_color":"#ffffff","ocean_breadcrumbs_links_color":"#ffffff","ocean_breadcrumbs_links_hover_color":"#ffffff","ocean_display_footer_widgets":"default","ocean_display_footer_bottom":"default","ocean_custom_footer_template":"0","footnotes":""},"class_list":["post-1076","page","type-page","status-publish","hentry","entry"],"featured_image_urls":{"full":"","thumbnail":"","medium":"","medium_large":"","large":"","1536x1536":"","2048x2048":"","ocean-thumb-m":"","ocean-thumb-ml":"","ocean-thumb-l":""},"post_excerpt_stackable":"<p>F\u00f6rb\u00e4ttrad och f\u00f6renklad schemahantering i TeleProffs GOSupport TeleProffs\u00b726 juni, 2025Vi str\u00e4var alltid efter att f\u00f6rb\u00e4ttra och f\u00f6renkla vardagen f\u00f6r v\u00e5ra kunder. Nu har vi gjort schemahanteringen \u00e4nd\u00e5 enklare att hantera och med tydligare \u00f6versikt. L\u00e4s mer om hur man skapar schemaposter h\u00e4r: Schemahantering: \u00f6ppettider\/st\u00e4ngt-meddelande &#8211; TeleProffs | Telefonv\u00e4xlar &amp; mobiloperat\u00f6r L\u00e4s mer &#8230;Nu lanserar vi TeleProffs One!Support TeleProffs\u00b78 maj, 2025Nu kompletterar vi TeleProffs GO med TeleProffs One, vi kan nu stoltsera med marknadens tv\u00e5 st\u00f6rsta plattformar f\u00f6r att kunna erbjuda b\u00e4sta m\u00f6jliga l\u00f6sning f\u00f6r varje enskild kund. L\u00e4s mer p\u00e5 https:\/\/www.teleproffs.se\/teleproffs-one-framtidens-ai-baserade-vaxelplattform\/ L\u00e4s mer &#8230;Tj\u00e4nster st\u00e4ngs ner &#8211; Varning f\u00f6r bedragarePeter\u00b75&hellip;<\/p>\n","category_list":"","author_info":{"name":"Teleproffs","url":"https:\/\/www.teleproffs.se\/support\/author\/teleproffs\/"},"comments_num":"0 comments","featured_image_urls_v2":{"full":"","thumbnail":"","medium":"","medium_large":"","large":"","1536x1536":"","2048x2048":"","ocean-thumb-m":"","ocean-thumb-ml":"","ocean-thumb-l":""},"post_excerpt_stackable_v2":"<p>F\u00f6rb\u00e4ttrad och f\u00f6renklad schemahantering i TeleProffs GOSupport TeleProffs\u00b726 juni, 2025Vi str\u00e4var alltid efter att f\u00f6rb\u00e4ttra och f\u00f6renkla vardagen f\u00f6r v\u00e5ra kunder. Nu har vi gjort schemahanteringen \u00e4nd\u00e5 enklare att hantera och med tydligare \u00f6versikt. L\u00e4s mer om hur man skapar schemaposter h\u00e4r: Schemahantering: \u00f6ppettider\/st\u00e4ngt-meddelande &#8211; TeleProffs | Telefonv\u00e4xlar &amp; mobiloperat\u00f6r L\u00e4s mer &#8230;Nu lanserar vi TeleProffs One!Support TeleProffs\u00b78 maj, 2025Nu kompletterar vi TeleProffs GO med TeleProffs One, vi kan nu stoltsera med marknadens tv\u00e5 st\u00f6rsta plattformar f\u00f6r att kunna erbjuda b\u00e4sta m\u00f6jliga l\u00f6sning f\u00f6r varje enskild kund. L\u00e4s mer p\u00e5 https:\/\/www.teleproffs.se\/teleproffs-one-framtidens-ai-baserade-vaxelplattform\/ L\u00e4s mer &#8230;Tj\u00e4nster st\u00e4ngs ner &#8211; Varning f\u00f6r bedragarePeter\u00b75&hellip;<\/p>\n","category_list_v2":"","author_info_v2":{"name":"Teleproffs","url":"https:\/\/www.teleproffs.se\/support\/author\/teleproffs\/"},"comments_num_v2":"0 comments","yoast_head":"<!-- This site is optimized with the Yoast SEO plugin v24.9 - https:\/\/yoast.com\/wordpress\/plugins\/seo\/ -->\n<title>Supportbloggen - Teleproffs Supportcenter<\/title>\n<meta name=\"robots\" content=\"index, follow, max-snippet:-1, max-image-preview:large, max-video-preview:-1\" \/>\n<link rel=\"canonical\" href=\"https:\/\/www.teleproffs.se\/support\/supportbloggen\/\" \/>\n<meta property=\"og:locale\" content=\"sv_SE\" \/>\n<meta property=\"og:type\" content=\"article\" \/>\n<meta property=\"og:title\" content=\"Supportbloggen - Teleproffs Supportcenter\" \/>\n<meta property=\"og:description\" content=\"F\u00f6rb\u00e4ttrad och f\u00f6renklad schemahantering i TeleProffs GO Support TeleProffs\u00b726 juni, 2025 Vi str\u00e4var alltid efter att f\u00f6rb\u00e4ttra och f\u00f6renkla vardagen f\u00f6r v\u00e5ra kunder. Nu har vi gjort schemahanteringen \u00e4nd\u00e5 enklare att hantera och med tydligare \u00f6versikt. L\u00e4s mer om hur man skapar schemaposter h\u00e4r: Schemahantering: \u00f6ppettider\/st\u00e4ngt-meddelande &#8211; TeleProffs | Telefonv\u00e4xlar &amp; mobiloperat\u00f6r L\u00e4s mer &#8230; [&hellip;]\" \/>\n<meta property=\"og:url\" content=\"https:\/\/www.teleproffs.se\/support\/supportbloggen\/\" \/>\n<meta property=\"og:site_name\" content=\"Teleproffs Supportcenter\" \/>\n<meta property=\"article:modified_time\" content=\"2020-04-27T12:23:56+00:00\" \/>\n<meta name=\"twitter:card\" content=\"summary_large_image\" \/>\n<script type=\"application\/ld+json\" class=\"yoast-schema-graph\">{\"@context\":\"https:\/\/schema.org\",\"@graph\":[{\"@type\":\"WebPage\",\"@id\":\"https:\/\/www.teleproffs.se\/support\/supportbloggen\/\",\"url\":\"https:\/\/www.teleproffs.se\/support\/supportbloggen\/\",\"name\":\"Supportbloggen - Teleproffs Supportcenter\",\"isPartOf\":{\"@id\":\"https:\/\/www.teleproffs.se\/support\/#website\"},\"datePublished\":\"2017-05-29T12:48:34+00:00\",\"dateModified\":\"2020-04-27T12:23:56+00:00\",\"breadcrumb\":{\"@id\":\"https:\/\/www.teleproffs.se\/support\/supportbloggen\/#breadcrumb\"},\"inLanguage\":\"sv-SE\",\"potentialAction\":[{\"@type\":\"ReadAction\",\"target\":[\"https:\/\/www.teleproffs.se\/support\/supportbloggen\/\"]}]},{\"@type\":\"BreadcrumbList\",\"@id\":\"https:\/\/www.teleproffs.se\/support\/supportbloggen\/#breadcrumb\",\"itemListElement\":[{\"@type\":\"ListItem\",\"position\":1,\"name\":\"Hem\",\"item\":\"https:\/\/www.teleproffs.se\/support\/\"},{\"@type\":\"ListItem\",\"position\":2,\"name\":\"Supportbloggen\"}]},{\"@type\":\"WebSite\",\"@id\":\"https:\/\/www.teleproffs.se\/support\/#website\",\"url\":\"https:\/\/www.teleproffs.se\/support\/\",\"name\":\"Teleproffs Supportcenter\",\"description\":\"V\u00e4lkommen till Teleproffs Supportcenter\",\"publisher\":{\"@id\":\"https:\/\/www.teleproffs.se\/support\/#organization\"},\"potentialAction\":[{\"@type\":\"SearchAction\",\"target\":{\"@type\":\"EntryPoint\",\"urlTemplate\":\"https:\/\/www.teleproffs.se\/support\/?s={search_term_string}\"},\"query-input\":{\"@type\":\"PropertyValueSpecification\",\"valueRequired\":true,\"valueName\":\"search_term_string\"}}],\"inLanguage\":\"sv-SE\"},{\"@type\":\"Organization\",\"@id\":\"https:\/\/www.teleproffs.se\/support\/#organization\",\"name\":\"Teleproffs Supportcenter\",\"url\":\"https:\/\/www.teleproffs.se\/support\/\",\"logo\":{\"@type\":\"ImageObject\",\"inLanguage\":\"sv-SE\",\"@id\":\"https:\/\/www.teleproffs.se\/support\/#\/schema\/logo\/image\/\",\"url\":\"https:\/\/www.teleproffs.se\/support\/wp-content\/uploads\/2022\/05\/TEL-logo-long-neg.png\",\"contentUrl\":\"https:\/\/www.teleproffs.se\/support\/wp-content\/uploads\/2022\/05\/TEL-logo-long-neg.png\",\"width\":1500,\"height\":332,\"caption\":\"Teleproffs Supportcenter\"},\"image\":{\"@id\":\"https:\/\/www.teleproffs.se\/support\/#\/schema\/logo\/image\/\"}}]}<\/script>\n<!-- \/ Yoast SEO plugin. -->","yoast_head_json":{"title":"Supportbloggen - Teleproffs Supportcenter","robots":{"index":"index","follow":"follow","max-snippet":"max-snippet:-1","max-image-preview":"max-image-preview:large","max-video-preview":"max-video-preview:-1"},"canonical":"https:\/\/www.teleproffs.se\/support\/supportbloggen\/","og_locale":"sv_SE","og_type":"article","og_title":"Supportbloggen - Teleproffs Supportcenter","og_description":"F\u00f6rb\u00e4ttrad och f\u00f6renklad schemahantering i TeleProffs GO Support TeleProffs\u00b726 juni, 2025 Vi str\u00e4var alltid efter att f\u00f6rb\u00e4ttra och f\u00f6renkla vardagen f\u00f6r v\u00e5ra kunder. Nu har vi gjort schemahanteringen \u00e4nd\u00e5 enklare att hantera och med tydligare \u00f6versikt. L\u00e4s mer om hur man skapar schemaposter h\u00e4r: Schemahantering: \u00f6ppettider\/st\u00e4ngt-meddelande &#8211; TeleProffs | Telefonv\u00e4xlar &amp; mobiloperat\u00f6r L\u00e4s mer &#8230; [&hellip;]","og_url":"https:\/\/www.teleproffs.se\/support\/supportbloggen\/","og_site_name":"Teleproffs Supportcenter","article_modified_time":"2020-04-27T12:23:56+00:00","twitter_card":"summary_large_image","schema":{"@context":"https:\/\/schema.org","@graph":[{"@type":"WebPage","@id":"https:\/\/www.teleproffs.se\/support\/supportbloggen\/","url":"https:\/\/www.teleproffs.se\/support\/supportbloggen\/","name":"Supportbloggen - Teleproffs Supportcenter","isPartOf":{"@id":"https:\/\/www.teleproffs.se\/support\/#website"},"datePublished":"2017-05-29T12:48:34+00:00","dateModified":"2020-04-27T12:23:56+00:00","breadcrumb":{"@id":"https:\/\/www.teleproffs.se\/support\/supportbloggen\/#breadcrumb"},"inLanguage":"sv-SE","potentialAction":[{"@type":"ReadAction","target":["https:\/\/www.teleproffs.se\/support\/supportbloggen\/"]}]},{"@type":"BreadcrumbList","@id":"https:\/\/www.teleproffs.se\/support\/supportbloggen\/#breadcrumb","itemListElement":[{"@type":"ListItem","position":1,"name":"Hem","item":"https:\/\/www.teleproffs.se\/support\/"},{"@type":"ListItem","position":2,"name":"Supportbloggen"}]},{"@type":"WebSite","@id":"https:\/\/www.teleproffs.se\/support\/#website","url":"https:\/\/www.teleproffs.se\/support\/","name":"Teleproffs Supportcenter","description":"V\u00e4lkommen till Teleproffs Supportcenter","publisher":{"@id":"https:\/\/www.teleproffs.se\/support\/#organization"},"potentialAction":[{"@type":"SearchAction","target":{"@type":"EntryPoint","urlTemplate":"https:\/\/www.teleproffs.se\/support\/?s={search_term_string}"},"query-input":{"@type":"PropertyValueSpecification","valueRequired":true,"valueName":"search_term_string"}}],"inLanguage":"sv-SE"},{"@type":"Organization","@id":"https:\/\/www.teleproffs.se\/support\/#organization","name":"Teleproffs Supportcenter","url":"https:\/\/www.teleproffs.se\/support\/","logo":{"@type":"ImageObject","inLanguage":"sv-SE","@id":"https:\/\/www.teleproffs.se\/support\/#\/schema\/logo\/image\/","url":"https:\/\/www.teleproffs.se\/support\/wp-content\/uploads\/2022\/05\/TEL-logo-long-neg.png","contentUrl":"https:\/\/www.teleproffs.se\/support\/wp-content\/uploads\/2022\/05\/TEL-logo-long-neg.png","width":1500,"height":332,"caption":"Teleproffs Supportcenter"},"image":{"@id":"https:\/\/www.teleproffs.se\/support\/#\/schema\/logo\/image\/"}}]}},"publishpress_future_action":{"enabled":false,"date":"2026-04-25 10:53:29","action":"change-status","newStatus":"draft","terms":[],"taxonomy":""},"publishpress_future_workflow_manual_trigger":{"enabledWorkflows":[]},"_links":{"self":[{"href":"https:\/\/www.teleproffs.se\/support\/wp-json\/wp\/v2\/pages\/1076","targetHints":{"allow":["GET"]}}],"collection":[{"href":"https:\/\/www.teleproffs.se\/support\/wp-json\/wp\/v2\/pages"}],"about":[{"href":"https:\/\/www.teleproffs.se\/support\/wp-json\/wp\/v2\/types\/page"}],"author":[{"embeddable":true,"href":"https:\/\/www.teleproffs.se\/support\/wp-json\/wp\/v2\/users\/1"}],"replies":[{"embeddable":true,"href":"https:\/\/www.teleproffs.se\/support\/wp-json\/wp\/v2\/comments?post=1076"}],"version-history":[{"count":2,"href":"https:\/\/www.teleproffs.se\/support\/wp-json\/wp\/v2\/pages\/1076\/revisions"}],"predecessor-version":[{"id":3947,"href":"https:\/\/www.teleproffs.se\/support\/wp-json\/wp\/v2\/pages\/1076\/revisions\/3947"}],"wp:attachment":[{"href":"https:\/\/www.teleproffs.se\/support\/wp-json\/wp\/v2\/media?parent=1076"}],"curies":[{"name":"wp","href":"https:\/\/api.w.org\/{rel}","templated":true}]}}