{"id":176,"date":"2015-11-17T15:38:04","date_gmt":"2015-11-17T14:38:04","guid":{"rendered":"http:\/\/TELsupport:8888\/?page_id=176"},"modified":"2025-05-06T12:28:02","modified_gmt":"2025-05-06T10:28:02","slug":"hem","status":"publish","type":"page","link":"https:\/\/www.teleproffs.se\/support\/","title":{"rendered":"Supportcenter"},"content":{"rendered":"<style>.kb-row-layout-id176_901e91-7c > .kt-row-column-wrap{align-content:start;}:where(.kb-row-layout-id176_901e91-7c > .kt-row-column-wrap) > .wp-block-kadence-column{justify-content:start;}.kb-row-layout-id176_901e91-7c > .kt-row-column-wrap{column-gap:var(--global-kb-gap-md, 2rem);row-gap:var(--global-kb-gap-md, 2rem);padding-top:0px;padding-bottom:0px;grid-template-columns:repeat(2, minmax(0, 1fr));}.kb-row-layout-id176_901e91-7c > .kt-row-layout-overlay{opacity:0.30;}@media all and (max-width: 1024px){.kb-row-layout-id176_901e91-7c > .kt-row-column-wrap{grid-template-columns:repeat(2, minmax(0, 1fr));}}@media all and (max-width: 767px){.kb-row-layout-id176_901e91-7c > .kt-row-column-wrap{grid-template-columns:minmax(0, 1fr);}}<\/style><div class=\"kb-row-layout-wrap kb-row-layout-id176_901e91-7c alignnone wp-block-kadence-rowlayout\"><div class=\"kt-row-column-wrap kt-has-2-columns kt-row-layout-equal kt-tab-layout-inherit kt-mobile-layout-row kt-row-valign-top\">\n<style>.kadence-column176_ea3f30-66 > .kt-inside-inner-col,.kadence-column176_ea3f30-66 > .kt-inside-inner-col:before{border-top-left-radius:0px;border-top-right-radius:0px;border-bottom-right-radius:0px;border-bottom-left-radius:0px;}.kadence-column176_ea3f30-66 > .kt-inside-inner-col{column-gap:var(--global-kb-gap-sm, 1rem);}.kadence-column176_ea3f30-66 > .kt-inside-inner-col{flex-direction:column;}.kadence-column176_ea3f30-66 > .kt-inside-inner-col > .aligncenter{width:100%;}.kadence-column176_ea3f30-66 > .kt-inside-inner-col:before{opacity:0.3;}.kadence-column176_ea3f30-66{position:relative;}@media all and (max-width: 1024px){.kadence-column176_ea3f30-66 > .kt-inside-inner-col{flex-direction:column;}}@media all and (max-width: 767px){.kadence-column176_ea3f30-66 > .kt-inside-inner-col{flex-direction:column;}}<\/style>\n<div class=\"wp-block-kadence-column kadence-column176_ea3f30-66 inner-column-1\"><div class=\"kt-inside-inner-col\">\n<p><\/p>\n\n\n\n<!DOCTYPE html>\n<html lang=\"sv\">\n<head>\n  <meta charset=\"UTF-8\">\n  <meta name=\"viewport\" content=\"width=device-width, initial-scale=1.0\">\n  <title>Inloggningssida<\/title>\n  <style>\n    body {\n      background-color: #fff;\n      font-family: 'Metrophobic', sans-serif;\n      color: #000;\n      margin: 0;\n      padding: 0px;\n    }\n\n    .portal-wrapper {\n      display: grid;\n      grid-template-columns: 1fr;\n      gap: 20px;\n      margin-bottom: 50px;\n    }\n\n    .portal-card {\n      background-color: #fff;\n      padding: 26px;\n      border-radius: 16px;\n      text-align: center;\n      box-shadow: 0 4px 12px rgba(0, 0, 0, 0.06);\n      transition: transform 0.2s ease, box-shadow 0.2s ease;\n      border: 1px solid #eee;\n      max-width: 390px;\n      margin: 0 auto;\n    }\n\n    .portal-card:hover {\n      transform: translateY(-5px);\n      box-shadow: 0 8px 18px rgba(0, 0, 0, 0.1);\n    }\n\n    .portal-card a {\n      display: inline-block;\n      text-decoration: none;\n      font-size: 1.2rem;\n      color: #000;\n    }\n\n    .icon-only svg {\n      width: 65px;\n      height: 65px;\n      fill: #FF995B;\n      margin-bottom: 20px;\n    }\n\n    @media (max-width: 768px) {\n      .portal-wrapper {\n        grid-template-columns: 1fr;\n      }\n    }\n  <\/style>\n<\/head>\n<body>\n\n  <div class=\"portal-wrapper\">\n    <!-- Inloggningsbox -->\n    <div class=\"portal-card\">\n      <a href=\"https:\/\/www.teleproffs.se\/teleproffs-mina-sidor-inlogg\/\" target=\"_blank\" class=\"icon-only\">\n        <!-- H\u00e4ngl\u00e5s-ikon -->\n        <svg xmlns=\"http:\/\/www.w3.org\/2000\/svg\" fill=\"#FF995B\" viewBox=\"0 0 24 24\" width=\"65\" height=\"65\">\n          <path d=\"M12 2C9.79 2 8 3.79 8 6V10H6C5.45 10 5 10.45 5 11V19C5 19.55 5.45 20 6 20H18C18.55 20 19 19.55 19 19V11C19 10.45 18.55 10 18 10H16V6C16 3.79 14.21 2 12 2ZM10 6C10 4.34 11.34 3 13 3C14.66 3 16 4.34 16 6V10H10V6ZM17 12V18H7V12H17Z\"\/>\n        <\/svg>\n        <p>Klicka h\u00e4r f\u00f6r att komma till v\u00e5r inloggningssida<\/p>\n      <\/a>\n    <\/div>\n  <\/div>\n\n<\/body>\n<\/html>\n\n\n\n<p><\/p>\n\n\n\n<h3 class=\"wp-block-heading\" id=\"1-proffsig-och-personlig-service\">Proffsig och personlig service<\/h3>\n\n\n\n<p>V\u00e5rt Supportcenter samt v\u00e5ra certifierade tekniker s\u00e4kerst\u00e4ller den dagliga funktionen i din kommunikationsl\u00f6sning. V\u00e5rt m\u00e5l \u00e4r att \u00e5tg\u00e4rda eventuella funktionsst\u00f6rningar p\u00e5 ett snabbt och smidigt s\u00e4tt med minimal p\u00e5verkan f\u00f6r dig och dina kunder. <\/p>\n\n\n\n<p>Aktuell status hittar du genom v\u00e5r <strong><a href=\"https:\/\/www.teleproffs.se\/support\/driftinformation\/\">driftinformation<\/a>.<\/strong><\/p>\n<\/div><\/div>\n\n\n<style>.kadence-column176_60acf5-fd > .kt-inside-inner-col,.kadence-column176_60acf5-fd > .kt-inside-inner-col:before{border-top-left-radius:0px;border-top-right-radius:0px;border-bottom-right-radius:0px;border-bottom-left-radius:0px;}.kadence-column176_60acf5-fd > .kt-inside-inner-col{column-gap:var(--global-kb-gap-sm, 1rem);}.kadence-column176_60acf5-fd > .kt-inside-inner-col{flex-direction:column;}.kadence-column176_60acf5-fd > .kt-inside-inner-col > .aligncenter{width:100%;}.kadence-column176_60acf5-fd > .kt-inside-inner-col:before{opacity:0.3;}.kadence-column176_60acf5-fd{position:relative;}@media all and (max-width: 1024px){.kadence-column176_60acf5-fd > .kt-inside-inner-col{flex-direction:column;}}@media all and (max-width: 767px){.kadence-column176_60acf5-fd > .kt-inside-inner-col{flex-direction:column;}}<\/style>\n<div class=\"wp-block-kadence-column kadence-column176_60acf5-fd inner-column-2\"><div class=\"kt-inside-inner-col\">\n<h3 class=\"wp-block-heading\" id=\"3-%C3%B6ppettider-supportcenter\">\u00d6ppettider Supportcenter<\/h3>\n\n\n<div class=\"wp-block-image\">\n<figure class=\"aligncenter size-large\"><a href=\"https:\/\/www.teleproffs.se\/support\/wp-content\/uploads\/2025\/04\/nordwood-themes-q8U1YgBaRQk-unsplash-scaled.jpg\"><img fetchpriority=\"high\" decoding=\"async\" width=\"1030\" height=\"687\" src=\"https:\/\/www.teleproffs.se\/support\/wp-content\/uploads\/2025\/04\/nordwood-themes-q8U1YgBaRQk-unsplash-1030x687.jpg\" alt=\"\" class=\"wp-image-4631\" srcset=\"https:\/\/www.teleproffs.se\/support\/wp-content\/uploads\/2025\/04\/nordwood-themes-q8U1YgBaRQk-unsplash-1030x687.jpg 1030w, https:\/\/www.teleproffs.se\/support\/wp-content\/uploads\/2025\/04\/nordwood-themes-q8U1YgBaRQk-unsplash-300x200.jpg 300w, https:\/\/www.teleproffs.se\/support\/wp-content\/uploads\/2025\/04\/nordwood-themes-q8U1YgBaRQk-unsplash-768x512.jpg 768w, https:\/\/www.teleproffs.se\/support\/wp-content\/uploads\/2025\/04\/nordwood-themes-q8U1YgBaRQk-unsplash-1536x1024.jpg 1536w, https:\/\/www.teleproffs.se\/support\/wp-content\/uploads\/2025\/04\/nordwood-themes-q8U1YgBaRQk-unsplash-2048x1365.jpg 2048w\" sizes=\"(max-width: 1030px) 100vw, 1030px\" \/><\/a><\/figure><\/div>\n\n\n<figure class=\"wp-block-table is-style-stripes\"><table><tbody><tr><td>Support &amp; felanm\u00e4lan<\/td><td>Vardagar<br> 08 \u2013 17<\/td><td><em>Via telefon &amp;&nbsp;mail<\/em><\/td><\/tr><tr><td>Felanm\u00e4lan v\u00e4xel akut<\/td><td>Vardagar<br> 07 \u2013 20<\/td><td><em>Via telefon<\/em><\/td><\/tr><tr><td>Felanm\u00e4lan v\u00e4xel akut<\/td><td>Helgdagar<br> 08 \u2013 18<\/td><td><em>Via telefon<\/em><\/td><\/tr><\/tbody><\/table><\/figure>\n<\/div><\/div>\n\n<\/div><\/div>","protected":false},"excerpt":{"rendered":"<p>Inloggningssida Klicka h\u00e4r f\u00f6r att komma till v\u00e5r inloggningssida Proffsig och personlig service V\u00e5rt Supportcenter samt v\u00e5ra certifierade tekniker s\u00e4kerst\u00e4ller den dagliga funktionen i din kommunikationsl\u00f6sning. V\u00e5rt m\u00e5l \u00e4r att \u00e5tg\u00e4rda eventuella funktionsst\u00f6rningar p\u00e5 ett snabbt och smidigt s\u00e4tt med minimal p\u00e5verkan f\u00f6r dig och dina kunder. Aktuell status hittar du genom v\u00e5r driftinformation. \u00d6ppettider [&hellip;]<\/p>\n","protected":false},"author":2,"featured_media":0,"parent":0,"menu_order":0,"comment_status":"closed","ping_status":"closed","template":"elementor_theme","meta":{"ocean_post_layout":"","ocean_both_sidebars_style":"","ocean_both_sidebars_content_width":0,"ocean_both_sidebars_sidebars_width":0,"ocean_sidebar":"0","ocean_second_sidebar":"0","ocean_disable_margins":"enable","ocean_add_body_class":"","ocean_shortcode_before_top_bar":"","ocean_shortcode_after_top_bar":"","ocean_shortcode_before_header":"","ocean_shortcode_after_header":"","ocean_has_shortcode":"","ocean_shortcode_after_title":"","ocean_shortcode_before_footer_widgets":"","ocean_shortcode_after_footer_widgets":"","ocean_shortcode_before_footer_bottom":"","ocean_shortcode_after_footer_bottom":"","ocean_display_top_bar":"default","ocean_display_header":"on","ocean_header_style":"","ocean_center_header_left_menu":"0","ocean_custom_header_template":"0","ocean_custom_logo":0,"ocean_custom_retina_logo":0,"ocean_custom_logo_max_width":0,"ocean_custom_logo_tablet_max_width":0,"ocean_custom_logo_mobile_max_width":0,"ocean_custom_logo_max_height":0,"ocean_custom_logo_tablet_max_height":0,"ocean_custom_logo_mobile_max_height":0,"ocean_header_custom_menu":"13","ocean_menu_typo_font_family":"0","ocean_menu_typo_font_subset":"","ocean_menu_typo_font_size":0,"ocean_menu_typo_font_size_tablet":0,"ocean_menu_typo_font_size_mobile":0,"ocean_menu_typo_font_size_unit":"px","ocean_menu_typo_font_weight":"","ocean_menu_typo_font_weight_tablet":"","ocean_menu_typo_font_weight_mobile":"","ocean_menu_typo_transform":"","ocean_menu_typo_transform_tablet":"","ocean_menu_typo_transform_mobile":"","ocean_menu_typo_line_height":0,"ocean_menu_typo_line_height_tablet":0,"ocean_menu_typo_line_height_mobile":0,"ocean_menu_typo_line_height_unit":"","ocean_menu_typo_spacing":0,"ocean_menu_typo_spacing_tablet":0,"ocean_menu_typo_spacing_mobile":0,"ocean_menu_typo_spacing_unit":"","ocean_menu_link_color":"","ocean_menu_link_color_hover":"","ocean_menu_link_color_active":"","ocean_menu_link_background":"","ocean_menu_link_hover_background":"","ocean_menu_link_active_background":"","ocean_menu_social_links_bg":"","ocean_menu_social_hover_links_bg":"","ocean_menu_social_links_color":"","ocean_menu_social_hover_links_color":"","ocean_disable_title":"default","ocean_disable_heading":"default","ocean_post_title":"","ocean_post_subheading":"","ocean_post_title_style":"centered","ocean_post_title_background_color":"","ocean_post_title_background":0,"ocean_post_title_bg_image_position":"","ocean_post_title_bg_image_attachment":"","ocean_post_title_bg_image_repeat":"","ocean_post_title_bg_image_size":"","ocean_post_title_height":0,"ocean_post_title_bg_overlay":0.5,"ocean_post_title_bg_overlay_color":"","ocean_disable_breadcrumbs":"default","ocean_breadcrumbs_color":"#ffffff","ocean_breadcrumbs_separator_color":"#ffffff","ocean_breadcrumbs_links_color":"#ffffff","ocean_breadcrumbs_links_hover_color":"#ffffff","ocean_display_footer_widgets":"default","ocean_display_footer_bottom":"default","ocean_custom_footer_template":"0","footnotes":""},"class_list":["post-176","page","type-page","status-publish","hentry","entry"],"featured_image_urls":{"full":"","thumbnail":"","medium":"","medium_large":"","large":"","1536x1536":"","2048x2048":"","ocean-thumb-m":"","ocean-thumb-ml":"","ocean-thumb-l":""},"post_excerpt_stackable":"<p>Inloggningssida Klicka h\u00e4r f\u00f6r att komma till v\u00e5r inloggningssida Proffsig och personlig service V\u00e5rt Supportcenter samt v\u00e5ra certifierade tekniker s\u00e4kerst\u00e4ller den dagliga funktionen i din kommunikationsl\u00f6sning. V\u00e5rt m\u00e5l \u00e4r att \u00e5tg\u00e4rda eventuella funktionsst\u00f6rningar p\u00e5 ett snabbt och smidigt s\u00e4tt med minimal p\u00e5verkan f\u00f6r dig och dina kunder. Aktuell status hittar du genom v\u00e5r driftinformation. \u00d6ppettider Supportcenter Support &amp; felanm\u00e4lanVardagar 08 \u2013 17Via telefon &amp;&nbsp;mailFelanm\u00e4lan v\u00e4xel akutVardagar 07 \u2013 20Via telefonFelanm\u00e4lan v\u00e4xel akutHelgdagar 08 \u2013 18Via telefon<\/p>\n","category_list":"","author_info":{"name":"Support TeleProffs","url":"https:\/\/www.teleproffs.se\/support\/author\/support\/"},"comments_num":"0 comments","featured_image_urls_v2":{"full":"","thumbnail":"","medium":"","medium_large":"","large":"","1536x1536":"","2048x2048":"","ocean-thumb-m":"","ocean-thumb-ml":"","ocean-thumb-l":""},"post_excerpt_stackable_v2":"<p>Inloggningssida Klicka h\u00e4r f\u00f6r att komma till v\u00e5r inloggningssida Proffsig och personlig service V\u00e5rt Supportcenter samt v\u00e5ra certifierade tekniker s\u00e4kerst\u00e4ller den dagliga funktionen i din kommunikationsl\u00f6sning. V\u00e5rt m\u00e5l \u00e4r att \u00e5tg\u00e4rda eventuella funktionsst\u00f6rningar p\u00e5 ett snabbt och smidigt s\u00e4tt med minimal p\u00e5verkan f\u00f6r dig och dina kunder. Aktuell status hittar du genom v\u00e5r driftinformation. \u00d6ppettider Supportcenter Support &amp; felanm\u00e4lanVardagar 08 \u2013 17Via telefon &amp;&nbsp;mailFelanm\u00e4lan v\u00e4xel akutVardagar 07 \u2013 20Via telefonFelanm\u00e4lan v\u00e4xel akutHelgdagar 08 \u2013 18Via telefon<\/p>\n","category_list_v2":"","author_info_v2":{"name":"Support TeleProffs","url":"https:\/\/www.teleproffs.se\/support\/author\/support\/"},"comments_num_v2":"0 comments","yoast_head":"<!-- This site is optimized with the Yoast SEO plugin v24.9 - https:\/\/yoast.com\/wordpress\/plugins\/seo\/ -->\n<title>Supportcenter - TeleProffs | V\u00e4xell\u00f6sningar &amp; mobiltelefoni<\/title>\n<meta name=\"description\" content=\"Teleproffs supportcenter erbjuder proffsig och personlig service och s\u00e4kerst\u00e4ller den dagliga funktionen i din kommunikationsl\u00f6sning. Ring 020 - 30 55 25.\" \/>\n<meta name=\"robots\" content=\"index, follow, max-snippet:-1, max-image-preview:large, max-video-preview:-1\" \/>\n<link rel=\"canonical\" href=\"https:\/\/www.teleproffs.se\/support\/\" \/>\n<meta property=\"og:locale\" content=\"sv_SE\" \/>\n<meta property=\"og:type\" content=\"article\" \/>\n<meta property=\"og:title\" content=\"Supportcenter - TeleProffs | V\u00e4xell\u00f6sningar &amp; mobiltelefoni\" \/>\n<meta property=\"og:description\" content=\"Teleproffs supportcenter erbjuder proffsig och personlig service och s\u00e4kerst\u00e4ller den dagliga funktionen i din kommunikationsl\u00f6sning. Ring 020 - 30 55 25.\" \/>\n<meta property=\"og:url\" content=\"https:\/\/www.teleproffs.se\/support\/\" \/>\n<meta property=\"og:site_name\" content=\"Teleproffs Supportcenter\" \/>\n<meta property=\"article:modified_time\" content=\"2025-05-06T10:28:02+00:00\" \/>\n<meta property=\"og:image\" content=\"https:\/\/www.teleproffs.se\/support\/wp-content\/uploads\/2025\/04\/nordwood-themes-q8U1YgBaRQk-unsplash-scaled.jpg\" \/>\n\t<meta property=\"og:image:width\" content=\"2560\" \/>\n\t<meta property=\"og:image:height\" content=\"1707\" \/>\n\t<meta property=\"og:image:type\" content=\"image\/jpeg\" \/>\n<meta name=\"twitter:card\" content=\"summary_large_image\" \/>\n<meta name=\"twitter:label1\" content=\"Ber\u00e4knad l\u00e4stid\" \/>\n\t<meta name=\"twitter:data1\" content=\"1 minut\" \/>\n<script type=\"application\/ld+json\" class=\"yoast-schema-graph\">{\"@context\":\"https:\/\/schema.org\",\"@graph\":[{\"@type\":\"WebPage\",\"@id\":\"https:\/\/www.teleproffs.se\/support\/\",\"url\":\"https:\/\/www.teleproffs.se\/support\/\",\"name\":\"Supportcenter - TeleProffs | V\u00e4xell\u00f6sningar & mobiltelefoni\",\"isPartOf\":{\"@id\":\"https:\/\/www.teleproffs.se\/support\/#website\"},\"primaryImageOfPage\":{\"@id\":\"https:\/\/www.teleproffs.se\/support\/#primaryimage\"},\"image\":{\"@id\":\"https:\/\/www.teleproffs.se\/support\/#primaryimage\"},\"thumbnailUrl\":\"https:\/\/www.teleproffs.se\/support\/wp-content\/uploads\/2025\/04\/nordwood-themes-q8U1YgBaRQk-unsplash-1030x687.jpg\",\"datePublished\":\"2015-11-17T14:38:04+00:00\",\"dateModified\":\"2025-05-06T10:28:02+00:00\",\"description\":\"Teleproffs supportcenter erbjuder proffsig och personlig service och s\u00e4kerst\u00e4ller den dagliga funktionen i din kommunikationsl\u00f6sning. Ring 020 - 30 55 25.\",\"breadcrumb\":{\"@id\":\"https:\/\/www.teleproffs.se\/support\/#breadcrumb\"},\"inLanguage\":\"sv-SE\",\"potentialAction\":[{\"@type\":\"ReadAction\",\"target\":[\"https:\/\/www.teleproffs.se\/support\/\"]}]},{\"@type\":\"ImageObject\",\"inLanguage\":\"sv-SE\",\"@id\":\"https:\/\/www.teleproffs.se\/support\/#primaryimage\",\"url\":\"https:\/\/www.teleproffs.se\/support\/wp-content\/uploads\/2025\/04\/nordwood-themes-q8U1YgBaRQk-unsplash-scaled.jpg\",\"contentUrl\":\"https:\/\/www.teleproffs.se\/support\/wp-content\/uploads\/2025\/04\/nordwood-themes-q8U1YgBaRQk-unsplash-scaled.jpg\",\"width\":2560,\"height\":1707},{\"@type\":\"BreadcrumbList\",\"@id\":\"https:\/\/www.teleproffs.se\/support\/#breadcrumb\",\"itemListElement\":[{\"@type\":\"ListItem\",\"position\":1,\"name\":\"Hem\",\"item\":\"https:\/\/www.teleproffs.se\/support\/\"},{\"@type\":\"ListItem\",\"position\":2,\"name\":\"Supportcenter\"}]},{\"@type\":\"WebSite\",\"@id\":\"https:\/\/www.teleproffs.se\/support\/#website\",\"url\":\"https:\/\/www.teleproffs.se\/support\/\",\"name\":\"Teleproffs Supportcenter\",\"description\":\"V\u00e4lkommen till Teleproffs Supportcenter\",\"publisher\":{\"@id\":\"https:\/\/www.teleproffs.se\/support\/#organization\"},\"potentialAction\":[{\"@type\":\"SearchAction\",\"target\":{\"@type\":\"EntryPoint\",\"urlTemplate\":\"https:\/\/www.teleproffs.se\/support\/?s={search_term_string}\"},\"query-input\":{\"@type\":\"PropertyValueSpecification\",\"valueRequired\":true,\"valueName\":\"search_term_string\"}}],\"inLanguage\":\"sv-SE\"},{\"@type\":\"Organization\",\"@id\":\"https:\/\/www.teleproffs.se\/support\/#organization\",\"name\":\"Teleproffs Supportcenter\",\"url\":\"https:\/\/www.teleproffs.se\/support\/\",\"logo\":{\"@type\":\"ImageObject\",\"inLanguage\":\"sv-SE\",\"@id\":\"https:\/\/www.teleproffs.se\/support\/#\/schema\/logo\/image\/\",\"url\":\"https:\/\/www.teleproffs.se\/support\/wp-content\/uploads\/2022\/05\/TEL-logo-long-neg.png\",\"contentUrl\":\"https:\/\/www.teleproffs.se\/support\/wp-content\/uploads\/2022\/05\/TEL-logo-long-neg.png\",\"width\":1500,\"height\":332,\"caption\":\"Teleproffs Supportcenter\"},\"image\":{\"@id\":\"https:\/\/www.teleproffs.se\/support\/#\/schema\/logo\/image\/\"}}]}<\/script>\n<!-- \/ Yoast SEO plugin. -->","yoast_head_json":{"title":"Supportcenter - TeleProffs | V\u00e4xell\u00f6sningar & mobiltelefoni","description":"Teleproffs supportcenter erbjuder proffsig och personlig service och s\u00e4kerst\u00e4ller den dagliga funktionen i din kommunikationsl\u00f6sning. Ring 020 - 30 55 25.","robots":{"index":"index","follow":"follow","max-snippet":"max-snippet:-1","max-image-preview":"max-image-preview:large","max-video-preview":"max-video-preview:-1"},"canonical":"https:\/\/www.teleproffs.se\/support\/","og_locale":"sv_SE","og_type":"article","og_title":"Supportcenter - TeleProffs | V\u00e4xell\u00f6sningar & mobiltelefoni","og_description":"Teleproffs supportcenter erbjuder proffsig och personlig service och s\u00e4kerst\u00e4ller den dagliga funktionen i din kommunikationsl\u00f6sning. Ring 020 - 30 55 25.","og_url":"https:\/\/www.teleproffs.se\/support\/","og_site_name":"Teleproffs Supportcenter","article_modified_time":"2025-05-06T10:28:02+00:00","og_image":[{"width":2560,"height":1707,"url":"https:\/\/www.teleproffs.se\/support\/wp-content\/uploads\/2025\/04\/nordwood-themes-q8U1YgBaRQk-unsplash-scaled.jpg","type":"image\/jpeg"}],"twitter_card":"summary_large_image","twitter_misc":{"Ber\u00e4knad l\u00e4stid":"1 minut"},"schema":{"@context":"https:\/\/schema.org","@graph":[{"@type":"WebPage","@id":"https:\/\/www.teleproffs.se\/support\/","url":"https:\/\/www.teleproffs.se\/support\/","name":"Supportcenter - TeleProffs | V\u00e4xell\u00f6sningar & mobiltelefoni","isPartOf":{"@id":"https:\/\/www.teleproffs.se\/support\/#website"},"primaryImageOfPage":{"@id":"https:\/\/www.teleproffs.se\/support\/#primaryimage"},"image":{"@id":"https:\/\/www.teleproffs.se\/support\/#primaryimage"},"thumbnailUrl":"https:\/\/www.teleproffs.se\/support\/wp-content\/uploads\/2025\/04\/nordwood-themes-q8U1YgBaRQk-unsplash-1030x687.jpg","datePublished":"2015-11-17T14:38:04+00:00","dateModified":"2025-05-06T10:28:02+00:00","description":"Teleproffs supportcenter erbjuder proffsig och personlig service och s\u00e4kerst\u00e4ller den dagliga funktionen i din kommunikationsl\u00f6sning. Ring 020 - 30 55 25.","breadcrumb":{"@id":"https:\/\/www.teleproffs.se\/support\/#breadcrumb"},"inLanguage":"sv-SE","potentialAction":[{"@type":"ReadAction","target":["https:\/\/www.teleproffs.se\/support\/"]}]},{"@type":"ImageObject","inLanguage":"sv-SE","@id":"https:\/\/www.teleproffs.se\/support\/#primaryimage","url":"https:\/\/www.teleproffs.se\/support\/wp-content\/uploads\/2025\/04\/nordwood-themes-q8U1YgBaRQk-unsplash-scaled.jpg","contentUrl":"https:\/\/www.teleproffs.se\/support\/wp-content\/uploads\/2025\/04\/nordwood-themes-q8U1YgBaRQk-unsplash-scaled.jpg","width":2560,"height":1707},{"@type":"BreadcrumbList","@id":"https:\/\/www.teleproffs.se\/support\/#breadcrumb","itemListElement":[{"@type":"ListItem","position":1,"name":"Hem","item":"https:\/\/www.teleproffs.se\/support\/"},{"@type":"ListItem","position":2,"name":"Supportcenter"}]},{"@type":"WebSite","@id":"https:\/\/www.teleproffs.se\/support\/#website","url":"https:\/\/www.teleproffs.se\/support\/","name":"Teleproffs Supportcenter","description":"V\u00e4lkommen till Teleproffs Supportcenter","publisher":{"@id":"https:\/\/www.teleproffs.se\/support\/#organization"},"potentialAction":[{"@type":"SearchAction","target":{"@type":"EntryPoint","urlTemplate":"https:\/\/www.teleproffs.se\/support\/?s={search_term_string}"},"query-input":{"@type":"PropertyValueSpecification","valueRequired":true,"valueName":"search_term_string"}}],"inLanguage":"sv-SE"},{"@type":"Organization","@id":"https:\/\/www.teleproffs.se\/support\/#organization","name":"Teleproffs Supportcenter","url":"https:\/\/www.teleproffs.se\/support\/","logo":{"@type":"ImageObject","inLanguage":"sv-SE","@id":"https:\/\/www.teleproffs.se\/support\/#\/schema\/logo\/image\/","url":"https:\/\/www.teleproffs.se\/support\/wp-content\/uploads\/2022\/05\/TEL-logo-long-neg.png","contentUrl":"https:\/\/www.teleproffs.se\/support\/wp-content\/uploads\/2022\/05\/TEL-logo-long-neg.png","width":1500,"height":332,"caption":"Teleproffs Supportcenter"},"image":{"@id":"https:\/\/www.teleproffs.se\/support\/#\/schema\/logo\/image\/"}}]}},"publishpress_future_action":{"enabled":false,"date":"2026-05-12 04:42:28","action":"change-status","newStatus":"draft","terms":[],"taxonomy":""},"publishpress_future_workflow_manual_trigger":{"enabledWorkflows":[]},"_links":{"self":[{"href":"https:\/\/www.teleproffs.se\/support\/wp-json\/wp\/v2\/pages\/176","targetHints":{"allow":["GET"]}}],"collection":[{"href":"https:\/\/www.teleproffs.se\/support\/wp-json\/wp\/v2\/pages"}],"about":[{"href":"https:\/\/www.teleproffs.se\/support\/wp-json\/wp\/v2\/types\/page"}],"author":[{"embeddable":true,"href":"https:\/\/www.teleproffs.se\/support\/wp-json\/wp\/v2\/users\/2"}],"replies":[{"embeddable":true,"href":"https:\/\/www.teleproffs.se\/support\/wp-json\/wp\/v2\/comments?post=176"}],"version-history":[{"count":18,"href":"https:\/\/www.teleproffs.se\/support\/wp-json\/wp\/v2\/pages\/176\/revisions"}],"predecessor-version":[{"id":4806,"href":"https:\/\/www.teleproffs.se\/support\/wp-json\/wp\/v2\/pages\/176\/revisions\/4806"}],"wp:attachment":[{"href":"https:\/\/www.teleproffs.se\/support\/wp-json\/wp\/v2\/media?parent=176"}],"curies":[{"name":"wp","href":"https:\/\/api.w.org\/{rel}","templated":true}]}}