{"id":4607,"date":"2025-04-28T10:17:03","date_gmt":"2025-04-28T08:17:03","guid":{"rendered":"https:\/\/www.teleproffs.se\/support\/?page_id=4607"},"modified":"2025-05-06T13:36:44","modified_gmt":"2025-05-06T11:36:44","slug":"nedladdning","status":"publish","type":"page","link":"https:\/\/www.teleproffs.se\/support\/nedladdning\/","title":{"rendered":"Downloads"},"content":{"rendered":"\t\t<div data-elementor-type=\"wp-post\" data-elementor-id=\"4607\" class=\"elementor elementor-4607\">\n\t\t\t\t\t\t<section class=\"elementor-section elementor-top-section elementor-element elementor-element-3454126 elementor-section-boxed elementor-section-height-default elementor-section-height-default\" data-id=\"3454126\" data-element_type=\"section\">\n\t\t\t\t\t\t<div class=\"elementor-container elementor-column-gap-default\">\n\t\t\t\t\t<div class=\"elementor-column elementor-col-100 elementor-top-column elementor-element elementor-element-250429a\" data-id=\"250429a\" data-element_type=\"column\">\n\t\t\t<div class=\"elementor-widget-wrap elementor-element-populated\">\n\t\t\t\t\t\t<div class=\"elementor-element elementor-element-ca8a267 elementor-widget elementor-widget-text-editor\" data-id=\"ca8a267\" data-element_type=\"widget\" data-widget_type=\"text-editor.default\">\n\t\t\t\t\t\t\t\t\t<h3>H\u00e4r hittar du de senaste versionenerna av v\u00e5ra appar f\u00f6r TeleProffs One.<br \/>Ladda ner genom att klicka p\u00e5 respektive operativsystem nedan.<\/h3>\t\t\t\t\t\t\t\t<\/div>\n\t\t\t\t\t<\/div>\n\t\t<\/div>\n\t\t\t\t\t<\/div>\n\t\t<\/section>\n\t\t<div class=\"elementor-element elementor-element-d40413e e-flex e-con-boxed e-con e-parent\" data-id=\"d40413e\" data-element_type=\"container\">\n\t\t\t\t\t<div class=\"e-con-inner\">\n\t\t\t\t<div class=\"elementor-element elementor-element-584d8fd elementor-widget elementor-widget-html\" data-id=\"584d8fd\" data-element_type=\"widget\" data-widget_type=\"html.default\">\n\t\t\t\t\t<!DOCTYPE html>\n<html lang=\"sv\">\n<head>\n  <meta charset=\"UTF-8\" \/>\n  <meta name=\"viewport\" content=\"width=device-width, initial-scale=1.0\" \/>\n  <title>V\u00e4lj klient f\u00f6r nedladdning<\/title>\n  <style>\n    body {\n      background-color: #fff;\n      font-family: 'Metrophobic', sans-serif;\n      color: #000;\n      margin: 0;\n      padding: 20px;\n    }\n\n    .page-header {\n      text-align: center;\n      margin-top: 50px;\n    }\n\n    .page-header h1 {\n      font-size: 2.5rem;\n      margin-bottom: 10px;\n    }\n\n    .page-header .divider {\n      width: 80px;\n      height: 4px;\n      background-color: #FF995B;\n      margin: 0 auto 30px;\n      border-radius: 2px;\n    }\n\n    .portal-wrapper {\n      display: grid;\n      grid-template-columns: repeat(2, 1fr);\n      gap: 20px;\n      margin-bottom: 50px;\n    }\n\n    .portal-card {\n      background-color: #fff;\n      padding: 30px;\n      border-radius: 16px;\n      text-align: center;\n      box-shadow: 0 4px 12px rgba(0, 0, 0, 0.06);\n      transition: transform 0.2s ease, box-shadow 0.2s ease;\n      border: 1px solid #eee;\n    }\n\n    .portal-card:hover {\n      transform: translateY(-5px);\n      box-shadow: 0 8px 18px rgba(0, 0, 0, 0.1);\n    }\n\n    .portal-card a {\n      display: inline-block;\n      text-decoration: none;\n      padding: 20px;\n    }\n\n    .icon-only svg {\n      width: 60px;\n      height: 60px;\n    }\n\n    @media (max-width: 768px) {\n      .portal-wrapper {\n        grid-template-columns: 1fr;\n      }\n    }\n  <\/style>\n<\/head>\n<body>\n\n  <div class=\"page-header\">\n    <h1>V\u00e4lj din klient f\u00f6r nedladdning<\/h1>\n    <div class=\"divider\"><\/div>\n  <\/div>\n\n  <div class=\"portal-wrapper\">\n    <!-- F\u00f6r Mac -->\n    <div class=\"portal-card\">\n      <a href=\"https:\/\/deopappmanager.telavox.com\/flow\/download\/teleproffs\/mac\/latest\" target=\"_blank\" class=\"icon-only\">\n        <svg xmlns=\"http:\/\/www.w3.org\/2000\/svg\" viewBox=\"0 0 2158 2500\">\n          <path fill=\"#FF995B\" d=\"M1064.1,604.9c138.1,0,259.2-53.9,363.4-161.7s156.3-233.2,156.3-376.2S1582.5,28.9,1580,0c-18.2,2.5-31.8,4.5-40.9,6.2-127.3,18.2-239.4,80.6-336.1,187.2-96.7,106.6-145.1,220.6-145.1,342.1s2.1,37.2,6.2,69.4h0ZM1558.9,2500c98.4,0,207.1-67.3,326.2-202s210-292.9,272.8-474.7c-234-120.6-351-293.8-351-519.3s94.7-349.5,284-483.4c-131.5-164.4-305.1-246.7-520.9-246.7s-174,13.6-249.3,40.9l-47.1,17.4-63.3,24.8c-41.3,15.7-79,23.6-112.9,23.6s-61.2-9.1-104.2-27.3l-48.4-19.8-45.9-18.6c-67-28.1-138.9-42.1-215.8-42.1-205.9,0-371.2,69.4-496.1,208.2C62.5,919.7,0,1102.7,0,1329.9s100,615.2,300.1,886.2c138.9,189.2,265.8,283.8,380.7,283.8s97.1-9.5,145.1-28.5l60.8-24.8,48.4-17.4c67.8-24,130.2-35.9,187.3-35.9s129.8,15.3,208.4,45.9l38.4,14.9c80.2,30.6,143.4,45.9,189.7,45.9Z\"\/>\n        <\/svg>\n      <\/a>\n      <p>F\u00f6r Mac<\/p>\n    <\/div>\n\n    <!-- F\u00f6r Windows (of\u00f6r\u00e4ndrad) -->\n    <div class=\"portal-card\">\n      <a href=\"https:\/\/deopappmanager.telavox.com\/flow\/download\/teleproffs\/windows\/latest\" target=\"_blank\" class=\"icon-only\">\n        <svg viewBox=\"0 0 24 24\" xmlns=\"http:\/\/www.w3.org\/2000\/svg\">\n          <path fill=\"#FF995B\" d=\"M3 4.24l8.89-1.22v8.57H3V4.24zM13.11 2.81L21 1.59v10H13.11V2.81zM3 11.41h8.89v8.57L3 18.76v-7.35zM13.11 12H21v10.41l-7.89-1.08V12z\"\/>\n        <\/svg>\n      <\/a>\n      <p>F\u00f6r Windows<\/p>\n    <\/div>\n\n    <!-- F\u00f6r Android (of\u00f6r\u00e4ndrad) -->\n    <div class=\"portal-card\">\n      <a href=\"https:\/\/play.google.com\/store\/apps\/details?id=se.teleproffs.android\" target=\"_blank\" class=\"icon-only\">\n        <img decoding=\"async\" src=\"https:\/\/lh7-us.googleusercontent.com\/lpADIJeBtnNzRall7LATM06yxP76djyzT2KQowj0C1vR2heBxUnbKCfGrWhBh5uJY9hF2kCI0GmZ86z9wnyvcdm-VD_ay6i5c7S4pSwDu07MgAPXp9pund2RysXFCkE3Wy3-uSJoy2N6XavQWJBpwf4\" alt=\"Android\" style=\"width: 60px; height: 60px;\" \/>\n      <\/a>\n      <p>F\u00f6r Android<\/p>\n    <\/div>\n\n    <!-- F\u00f6r iOS -->\n    <div class=\"portal-card\">\n      <a href=\"https:\/\/apps.apple.com\/us\/app\/teleproffs-one\/id6741478584\" target=\"_blank\" class=\"icon-only\">\n        <svg xmlns=\"http:\/\/www.w3.org\/2000\/svg\" viewBox=\"0 0 2158 2500\">\n          <path fill=\"#FF995B\" d=\"M1064.1,604.9c138.1,0,259.2-53.9,363.4-161.7s156.3-233.2,156.3-376.2S1582.5,28.9,1580,0c-18.2,2.5-31.8,4.5-40.9,6.2-127.3,18.2-239.4,80.6-336.1,187.2-96.7,106.6-145.1,220.6-145.1,342.1s2.1,37.2,6.2,69.4h0ZM1558.9,2500c98.4,0,207.1-67.3,326.2-202s210-292.9,272.8-474.7c-234-120.6-351-293.8-351-519.3s94.7-349.5,284-483.4c-131.5-164.4-305.1-246.7-520.9-246.7s-174,13.6-249.3,40.9l-47.1,17.4-63.3,24.8c-41.3,15.7-79,23.6-112.9,23.6s-61.2-9.1-104.2-27.3l-48.4-19.8-45.9-18.6c-67-28.1-138.9-42.1-215.8-42.1-205.9,0-371.2,69.4-496.1,208.2C62.5,919.7,0,1102.7,0,1329.9s100,615.2,300.1,886.2c138.9,189.2,265.8,283.8,380.7,283.8s97.1-9.5,145.1-28.5l60.8-24.8,48.4-17.4c67.8-24,130.2-35.9,187.3-35.9s129.8,15.3,208.4,45.9l38.4,14.9c80.2,30.6,143.4,45.9,189.7,45.9Z\"\/>\n        <\/svg>\n      <\/a>\n      <p>F\u00f6r iOS<\/p>\n    <\/div>\n  <\/div>\n\n<\/body>\n<\/html>\n\t\t\t\t<\/div>\n\t\t\t\t\t<\/div>\n\t\t\t\t<\/div>\n\t\t\t\t<\/div>\n\t\t","protected":false},"excerpt":{"rendered":"<p>H\u00e4r hittar du de senaste versionenerna av v\u00e5ra appar f\u00f6r TeleProffs One.Ladda ner genom att klicka p\u00e5 respektive operativsystem nedan. V\u00e4lj klient f\u00f6r nedladdning V\u00e4lj din klient f\u00f6r nedladdning F\u00f6r Mac F\u00f6r Windows F\u00f6r Android F\u00f6r iOS<\/p>\n","protected":false},"author":12,"featured_media":0,"parent":0,"menu_order":0,"comment_status":"closed","ping_status":"closed","template":"elementor_theme","meta":{"ocean_post_layout":"","ocean_both_sidebars_style":"","ocean_both_sidebars_content_width":0,"ocean_both_sidebars_sidebars_width":0,"ocean_sidebar":"","ocean_second_sidebar":"","ocean_disable_margins":"enable","ocean_add_body_class":"","ocean_shortcode_before_top_bar":"","ocean_shortcode_after_top_bar":"","ocean_shortcode_before_header":"","ocean_shortcode_after_header":"","ocean_has_shortcode":"","ocean_shortcode_after_title":"","ocean_shortcode_before_footer_widgets":"","ocean_shortcode_after_footer_widgets":"","ocean_shortcode_before_footer_bottom":"","ocean_shortcode_after_footer_bottom":"","ocean_display_top_bar":"default","ocean_display_header":"default","ocean_header_style":"","ocean_center_header_left_menu":"","ocean_custom_header_template":"","ocean_custom_logo":0,"ocean_custom_retina_logo":0,"ocean_custom_logo_max_width":0,"ocean_custom_logo_tablet_max_width":0,"ocean_custom_logo_mobile_max_width":0,"ocean_custom_logo_max_height":0,"ocean_custom_logo_tablet_max_height":0,"ocean_custom_logo_mobile_max_height":0,"ocean_header_custom_menu":"","ocean_menu_typo_font_family":"","ocean_menu_typo_font_subset":"","ocean_menu_typo_font_size":0,"ocean_menu_typo_font_size_tablet":0,"ocean_menu_typo_font_size_mobile":0,"ocean_menu_typo_font_size_unit":"px","ocean_menu_typo_font_weight":"","ocean_menu_typo_font_weight_tablet":"","ocean_menu_typo_font_weight_mobile":"","ocean_menu_typo_transform":"","ocean_menu_typo_transform_tablet":"","ocean_menu_typo_transform_mobile":"","ocean_menu_typo_line_height":0,"ocean_menu_typo_line_height_tablet":0,"ocean_menu_typo_line_height_mobile":0,"ocean_menu_typo_line_height_unit":"","ocean_menu_typo_spacing":0,"ocean_menu_typo_spacing_tablet":0,"ocean_menu_typo_spacing_mobile":0,"ocean_menu_typo_spacing_unit":"","ocean_menu_link_color":"","ocean_menu_link_color_hover":"","ocean_menu_link_color_active":"","ocean_menu_link_background":"","ocean_menu_link_hover_background":"","ocean_menu_link_active_background":"","ocean_menu_social_links_bg":"","ocean_menu_social_hover_links_bg":"","ocean_menu_social_links_color":"","ocean_menu_social_hover_links_color":"","ocean_disable_title":"default","ocean_disable_heading":"default","ocean_post_title":"","ocean_post_subheading":"","ocean_post_title_style":"","ocean_post_title_background_color":"","ocean_post_title_background":0,"ocean_post_title_bg_image_position":"","ocean_post_title_bg_image_attachment":"","ocean_post_title_bg_image_repeat":"","ocean_post_title_bg_image_size":"","ocean_post_title_height":0,"ocean_post_title_bg_overlay":0.5,"ocean_post_title_bg_overlay_color":"","ocean_disable_breadcrumbs":"default","ocean_breadcrumbs_color":"","ocean_breadcrumbs_separator_color":"","ocean_breadcrumbs_links_color":"","ocean_breadcrumbs_links_hover_color":"","ocean_display_footer_widgets":"default","ocean_display_footer_bottom":"default","ocean_custom_footer_template":"","footnotes":""},"class_list":["post-4607","page","type-page","status-publish","hentry","entry"],"featured_image_urls":{"full":"","thumbnail":"","medium":"","medium_large":"","large":"","1536x1536":"","2048x2048":"","ocean-thumb-m":"","ocean-thumb-ml":"","ocean-thumb-l":""},"post_excerpt_stackable":"<p>H\u00e4r hittar du de senaste versionenerna av v\u00e5ra appar f\u00f6r TeleProffs One.Ladda ner genom att klicka p\u00e5 respektive operativsystem nedan. V\u00e4lj klient f\u00f6r nedladdning V\u00e4lj din klient f\u00f6r nedladdning F\u00f6r Mac F\u00f6r Windows F\u00f6r Android F\u00f6r iOS<\/p>\n","category_list":"","author_info":{"name":"Michaela","url":"https:\/\/www.teleproffs.se\/support\/author\/michaela\/"},"comments_num":"0 comments","featured_image_urls_v2":{"full":"","thumbnail":"","medium":"","medium_large":"","large":"","1536x1536":"","2048x2048":"","ocean-thumb-m":"","ocean-thumb-ml":"","ocean-thumb-l":""},"post_excerpt_stackable_v2":"<p>H\u00e4r hittar du de senaste versionenerna av v\u00e5ra appar f\u00f6r TeleProffs One.Ladda ner genom att klicka p\u00e5 respektive operativsystem nedan. V\u00e4lj klient f\u00f6r nedladdning V\u00e4lj din klient f\u00f6r nedladdning F\u00f6r Mac F\u00f6r Windows F\u00f6r Android F\u00f6r iOS<\/p>\n","category_list_v2":"","author_info_v2":{"name":"Michaela","url":"https:\/\/www.teleproffs.se\/support\/author\/michaela\/"},"comments_num_v2":"0 comments","yoast_head":"<!-- This site is optimized with the Yoast SEO plugin v24.9 - https:\/\/yoast.com\/wordpress\/plugins\/seo\/ -->\n<title>Downloads - Teleproffs Supportcenter<\/title>\n<meta name=\"robots\" content=\"index, follow, max-snippet:-1, max-image-preview:large, max-video-preview:-1\" \/>\n<link rel=\"canonical\" href=\"https:\/\/www.teleproffs.se\/support\/nedladdning\/\" \/>\n<meta property=\"og:locale\" content=\"sv_SE\" \/>\n<meta property=\"og:type\" content=\"article\" \/>\n<meta property=\"og:title\" content=\"Downloads - Teleproffs Supportcenter\" \/>\n<meta property=\"og:description\" content=\"H\u00e4r hittar du de senaste versionenerna av v\u00e5ra appar f\u00f6r TeleProffs One.Ladda ner genom att klicka p\u00e5 respektive operativsystem nedan. V\u00e4lj klient f\u00f6r nedladdning V\u00e4lj din klient f\u00f6r nedladdning F\u00f6r Mac F\u00f6r Windows F\u00f6r Android F\u00f6r iOS\" \/>\n<meta property=\"og:url\" content=\"https:\/\/www.teleproffs.se\/support\/nedladdning\/\" \/>\n<meta property=\"og:site_name\" content=\"Teleproffs Supportcenter\" \/>\n<meta property=\"article:modified_time\" content=\"2025-05-06T11:36:44+00:00\" \/>\n<meta property=\"og:image\" content=\"https:\/\/lh7-us.googleusercontent.com\/lpADIJeBtnNzRall7LATM06yxP76djyzT2KQowj0C1vR2heBxUnbKCfGrWhBh5uJY9hF2kCI0GmZ86z9wnyvcdm-VD_ay6i5c7S4pSwDu07MgAPXp9pund2RysXFCkE3Wy3-uSJoy2N6XavQWJBpwf4\" \/>\n<meta name=\"twitter:card\" content=\"summary_large_image\" \/>\n<meta name=\"twitter:label1\" content=\"Ber\u00e4knad l\u00e4stid\" \/>\n\t<meta name=\"twitter:data1\" content=\"2 minuter\" \/>\n<script type=\"application\/ld+json\" class=\"yoast-schema-graph\">{\"@context\":\"https:\/\/schema.org\",\"@graph\":[{\"@type\":\"WebPage\",\"@id\":\"https:\/\/www.teleproffs.se\/support\/nedladdning\/\",\"url\":\"https:\/\/www.teleproffs.se\/support\/nedladdning\/\",\"name\":\"Downloads - Teleproffs Supportcenter\",\"isPartOf\":{\"@id\":\"https:\/\/www.teleproffs.se\/support\/#website\"},\"primaryImageOfPage\":{\"@id\":\"https:\/\/www.teleproffs.se\/support\/nedladdning\/#primaryimage\"},\"image\":{\"@id\":\"https:\/\/www.teleproffs.se\/support\/nedladdning\/#primaryimage\"},\"thumbnailUrl\":\"https:\/\/lh7-us.googleusercontent.com\/lpADIJeBtnNzRall7LATM06yxP76djyzT2KQowj0C1vR2heBxUnbKCfGrWhBh5uJY9hF2kCI0GmZ86z9wnyvcdm-VD_ay6i5c7S4pSwDu07MgAPXp9pund2RysXFCkE3Wy3-uSJoy2N6XavQWJBpwf4\",\"datePublished\":\"2025-04-28T08:17:03+00:00\",\"dateModified\":\"2025-05-06T11:36:44+00:00\",\"breadcrumb\":{\"@id\":\"https:\/\/www.teleproffs.se\/support\/nedladdning\/#breadcrumb\"},\"inLanguage\":\"sv-SE\",\"potentialAction\":[{\"@type\":\"ReadAction\",\"target\":[\"https:\/\/www.teleproffs.se\/support\/nedladdning\/\"]}]},{\"@type\":\"ImageObject\",\"inLanguage\":\"sv-SE\",\"@id\":\"https:\/\/www.teleproffs.se\/support\/nedladdning\/#primaryimage\",\"url\":\"https:\/\/lh7-us.googleusercontent.com\/lpADIJeBtnNzRall7LATM06yxP76djyzT2KQowj0C1vR2heBxUnbKCfGrWhBh5uJY9hF2kCI0GmZ86z9wnyvcdm-VD_ay6i5c7S4pSwDu07MgAPXp9pund2RysXFCkE3Wy3-uSJoy2N6XavQWJBpwf4\",\"contentUrl\":\"https:\/\/lh7-us.googleusercontent.com\/lpADIJeBtnNzRall7LATM06yxP76djyzT2KQowj0C1vR2heBxUnbKCfGrWhBh5uJY9hF2kCI0GmZ86z9wnyvcdm-VD_ay6i5c7S4pSwDu07MgAPXp9pund2RysXFCkE3Wy3-uSJoy2N6XavQWJBpwf4\"},{\"@type\":\"BreadcrumbList\",\"@id\":\"https:\/\/www.teleproffs.se\/support\/nedladdning\/#breadcrumb\",\"itemListElement\":[{\"@type\":\"ListItem\",\"position\":1,\"name\":\"Hem\",\"item\":\"https:\/\/www.teleproffs.se\/support\/\"},{\"@type\":\"ListItem\",\"position\":2,\"name\":\"Downloads\"}]},{\"@type\":\"WebSite\",\"@id\":\"https:\/\/www.teleproffs.se\/support\/#website\",\"url\":\"https:\/\/www.teleproffs.se\/support\/\",\"name\":\"Teleproffs Supportcenter\",\"description\":\"V\u00e4lkommen till Teleproffs Supportcenter\",\"publisher\":{\"@id\":\"https:\/\/www.teleproffs.se\/support\/#organization\"},\"potentialAction\":[{\"@type\":\"SearchAction\",\"target\":{\"@type\":\"EntryPoint\",\"urlTemplate\":\"https:\/\/www.teleproffs.se\/support\/?s={search_term_string}\"},\"query-input\":{\"@type\":\"PropertyValueSpecification\",\"valueRequired\":true,\"valueName\":\"search_term_string\"}}],\"inLanguage\":\"sv-SE\"},{\"@type\":\"Organization\",\"@id\":\"https:\/\/www.teleproffs.se\/support\/#organization\",\"name\":\"Teleproffs Supportcenter\",\"url\":\"https:\/\/www.teleproffs.se\/support\/\",\"logo\":{\"@type\":\"ImageObject\",\"inLanguage\":\"sv-SE\",\"@id\":\"https:\/\/www.teleproffs.se\/support\/#\/schema\/logo\/image\/\",\"url\":\"https:\/\/www.teleproffs.se\/support\/wp-content\/uploads\/2022\/05\/TEL-logo-long-neg.png\",\"contentUrl\":\"https:\/\/www.teleproffs.se\/support\/wp-content\/uploads\/2022\/05\/TEL-logo-long-neg.png\",\"width\":1500,\"height\":332,\"caption\":\"Teleproffs Supportcenter\"},\"image\":{\"@id\":\"https:\/\/www.teleproffs.se\/support\/#\/schema\/logo\/image\/\"}}]}<\/script>\n<!-- \/ Yoast SEO plugin. -->","yoast_head_json":{"title":"Downloads - Teleproffs Supportcenter","robots":{"index":"index","follow":"follow","max-snippet":"max-snippet:-1","max-image-preview":"max-image-preview:large","max-video-preview":"max-video-preview:-1"},"canonical":"https:\/\/www.teleproffs.se\/support\/nedladdning\/","og_locale":"sv_SE","og_type":"article","og_title":"Downloads - Teleproffs Supportcenter","og_description":"H\u00e4r hittar du de senaste versionenerna av v\u00e5ra appar f\u00f6r TeleProffs One.Ladda ner genom att klicka p\u00e5 respektive operativsystem nedan. V\u00e4lj klient f\u00f6r nedladdning V\u00e4lj din klient f\u00f6r nedladdning F\u00f6r Mac F\u00f6r Windows F\u00f6r Android F\u00f6r iOS","og_url":"https:\/\/www.teleproffs.se\/support\/nedladdning\/","og_site_name":"Teleproffs Supportcenter","article_modified_time":"2025-05-06T11:36:44+00:00","og_image":[{"url":"https:\/\/lh7-us.googleusercontent.com\/lpADIJeBtnNzRall7LATM06yxP76djyzT2KQowj0C1vR2heBxUnbKCfGrWhBh5uJY9hF2kCI0GmZ86z9wnyvcdm-VD_ay6i5c7S4pSwDu07MgAPXp9pund2RysXFCkE3Wy3-uSJoy2N6XavQWJBpwf4","type":"","width":"","height":""}],"twitter_card":"summary_large_image","twitter_misc":{"Ber\u00e4knad l\u00e4stid":"2 minuter"},"schema":{"@context":"https:\/\/schema.org","@graph":[{"@type":"WebPage","@id":"https:\/\/www.teleproffs.se\/support\/nedladdning\/","url":"https:\/\/www.teleproffs.se\/support\/nedladdning\/","name":"Downloads - Teleproffs Supportcenter","isPartOf":{"@id":"https:\/\/www.teleproffs.se\/support\/#website"},"primaryImageOfPage":{"@id":"https:\/\/www.teleproffs.se\/support\/nedladdning\/#primaryimage"},"image":{"@id":"https:\/\/www.teleproffs.se\/support\/nedladdning\/#primaryimage"},"thumbnailUrl":"https:\/\/lh7-us.googleusercontent.com\/lpADIJeBtnNzRall7LATM06yxP76djyzT2KQowj0C1vR2heBxUnbKCfGrWhBh5uJY9hF2kCI0GmZ86z9wnyvcdm-VD_ay6i5c7S4pSwDu07MgAPXp9pund2RysXFCkE3Wy3-uSJoy2N6XavQWJBpwf4","datePublished":"2025-04-28T08:17:03+00:00","dateModified":"2025-05-06T11:36:44+00:00","breadcrumb":{"@id":"https:\/\/www.teleproffs.se\/support\/nedladdning\/#breadcrumb"},"inLanguage":"sv-SE","potentialAction":[{"@type":"ReadAction","target":["https:\/\/www.teleproffs.se\/support\/nedladdning\/"]}]},{"@type":"ImageObject","inLanguage":"sv-SE","@id":"https:\/\/www.teleproffs.se\/support\/nedladdning\/#primaryimage","url":"https:\/\/lh7-us.googleusercontent.com\/lpADIJeBtnNzRall7LATM06yxP76djyzT2KQowj0C1vR2heBxUnbKCfGrWhBh5uJY9hF2kCI0GmZ86z9wnyvcdm-VD_ay6i5c7S4pSwDu07MgAPXp9pund2RysXFCkE3Wy3-uSJoy2N6XavQWJBpwf4","contentUrl":"https:\/\/lh7-us.googleusercontent.com\/lpADIJeBtnNzRall7LATM06yxP76djyzT2KQowj0C1vR2heBxUnbKCfGrWhBh5uJY9hF2kCI0GmZ86z9wnyvcdm-VD_ay6i5c7S4pSwDu07MgAPXp9pund2RysXFCkE3Wy3-uSJoy2N6XavQWJBpwf4"},{"@type":"BreadcrumbList","@id":"https:\/\/www.teleproffs.se\/support\/nedladdning\/#breadcrumb","itemListElement":[{"@type":"ListItem","position":1,"name":"Hem","item":"https:\/\/www.teleproffs.se\/support\/"},{"@type":"ListItem","position":2,"name":"Downloads"}]},{"@type":"WebSite","@id":"https:\/\/www.teleproffs.se\/support\/#website","url":"https:\/\/www.teleproffs.se\/support\/","name":"Teleproffs Supportcenter","description":"V\u00e4lkommen till Teleproffs Supportcenter","publisher":{"@id":"https:\/\/www.teleproffs.se\/support\/#organization"},"potentialAction":[{"@type":"SearchAction","target":{"@type":"EntryPoint","urlTemplate":"https:\/\/www.teleproffs.se\/support\/?s={search_term_string}"},"query-input":{"@type":"PropertyValueSpecification","valueRequired":true,"valueName":"search_term_string"}}],"inLanguage":"sv-SE"},{"@type":"Organization","@id":"https:\/\/www.teleproffs.se\/support\/#organization","name":"Teleproffs Supportcenter","url":"https:\/\/www.teleproffs.se\/support\/","logo":{"@type":"ImageObject","inLanguage":"sv-SE","@id":"https:\/\/www.teleproffs.se\/support\/#\/schema\/logo\/image\/","url":"https:\/\/www.teleproffs.se\/support\/wp-content\/uploads\/2022\/05\/TEL-logo-long-neg.png","contentUrl":"https:\/\/www.teleproffs.se\/support\/wp-content\/uploads\/2022\/05\/TEL-logo-long-neg.png","width":1500,"height":332,"caption":"Teleproffs Supportcenter"},"image":{"@id":"https:\/\/www.teleproffs.se\/support\/#\/schema\/logo\/image\/"}}]}},"publishpress_future_action":{"enabled":false,"date":"2026-05-08 13:07:58","action":"change-status","newStatus":"draft","terms":[],"taxonomy":""},"publishpress_future_workflow_manual_trigger":{"enabledWorkflows":[]},"_links":{"self":[{"href":"https:\/\/www.teleproffs.se\/support\/wp-json\/wp\/v2\/pages\/4607","targetHints":{"allow":["GET"]}}],"collection":[{"href":"https:\/\/www.teleproffs.se\/support\/wp-json\/wp\/v2\/pages"}],"about":[{"href":"https:\/\/www.teleproffs.se\/support\/wp-json\/wp\/v2\/types\/page"}],"author":[{"embeddable":true,"href":"https:\/\/www.teleproffs.se\/support\/wp-json\/wp\/v2\/users\/12"}],"replies":[{"embeddable":true,"href":"https:\/\/www.teleproffs.se\/support\/wp-json\/wp\/v2\/comments?post=4607"}],"version-history":[{"count":32,"href":"https:\/\/www.teleproffs.se\/support\/wp-json\/wp\/v2\/pages\/4607\/revisions"}],"predecessor-version":[{"id":4811,"href":"https:\/\/www.teleproffs.se\/support\/wp-json\/wp\/v2\/pages\/4607\/revisions\/4811"}],"wp:attachment":[{"href":"https:\/\/www.teleproffs.se\/support\/wp-json\/wp\/v2\/media?parent=4607"}],"curies":[{"name":"wp","href":"https:\/\/api.w.org\/{rel}","templated":true}]}}